{"id":12711,"date":"2018-02-28T20:22:52","date_gmt":"2018-02-28T20:22:52","guid":{"rendered":"http:\/\/bodegonelciervo.com\/?page_id=12711"},"modified":"2025-11-30T10:46:51","modified_gmt":"2025-11-30T10:46:51","slug":"quienes-somos","status":"publish","type":"page","link":"https:\/\/bodegonelciervo.com\/?page_id=12711","title":{"rendered":"\u00bfQuienes somos?"},"content":{"rendered":"<p>[et_pb_section fb_built=\u00bb1&#8243; fullwidth=\u00bbon\u00bb disabled_on=\u00bboff|off|off\u00bb admin_label=\u00bbHero\u00bb _builder_version=\u00bb4.16&#8243; background_color=\u00bb#1f1f1f\u00bb background_image=\u00bbhttp:\/\/bodegonelciervo.com\/wp-content\/uploads\/2018\/03\/ciervomontajepadre.png\u00bb parallax=\u00bbon\u00bb custom_padding=\u00bb|||\u00bb transparent_background=\u00bbon\u00bb global_colors_info=\u00bb{}\u00bb][et_pb_fullwidth_header title=\u00bbSobre Nosotros\u00bb text_orientation=\u00bbcenter\u00bb background_overlay_color=\u00bbrgba(31,31,31,0.85)\u00bb subhead_font_color=\u00bb#bebebe\u00bb _builder_version=\u00bb4.16&#8243; title_font=\u00bbPlayfair Display||||\u00bb title_text_color=\u00bb#ffffff\u00bb title_font_size=\u00bb72px\u00bb title_line_height=\u00bb1.3em\u00bb content_font=\u00bbMontserrat||||\u00bb content_text_color=\u00bb#bfbfbf\u00bb content_font_size=\u00bb19px\u00bb content_line_height=\u00bb1.8em\u00bb subhead_font=\u00bbMontserrat||||\u00bb subhead_text_color=\u00bb#bebebe\u00bb subhead_line_height=\u00bb1.8em\u00bb background_color=\u00bbrgba(255, 255, 255, 0)\u00bb background_image=\u00bbhttp:\/\/bodegonelciervo.com\/wp-content\/uploads\/2018\/02\/7-Bodeg\u00f3n-El-Ciervo.jpg\u00bb custom_padding=\u00bb5%||5%|\u00bb animation_style=\u00bbzoom\u00bb animation_duration=\u00bb1500ms\u00bb animation_intensity_zoom=\u00bb4%\u00bb title_line_height_last_edited=\u00bboff|desktop\u00bb global_colors_info=\u00bb{}\u00bb button_one_text_size__hover_enabled=\u00bboff\u00bb button_two_text_size__hover_enabled=\u00bboff\u00bb button_one_text_color__hover_enabled=\u00bboff\u00bb button_two_text_color__hover_enabled=\u00bboff\u00bb button_one_border_width__hover_enabled=\u00bboff\u00bb button_two_border_width__hover_enabled=\u00bboff\u00bb button_one_border_color__hover_enabled=\u00bboff\u00bb button_two_border_color__hover_enabled=\u00bboff\u00bb button_one_border_radius__hover_enabled=\u00bboff\u00bb button_two_border_radius__hover_enabled=\u00bboff\u00bb button_one_letter_spacing__hover_enabled=\u00bboff\u00bb button_two_letter_spacing__hover_enabled=\u00bboff\u00bb button_one_bg_color__hover_enabled=\u00bboff\u00bb button_two_bg_color__hover_enabled=\u00bboff\u00bb][\/et_pb_fullwidth_header][\/et_pb_section][et_pb_section fb_built=\u00bb1&#8243; admin_label=\u00bbOur Story\u00bb _builder_version=\u00bb4.16&#8243; background_color=\u00bb#ffffff\u00bb background_position=\u00bbtop_left\u00bb custom_padding=\u00bb41px|0px|0px|0px\u00bb collapsed=\u00bboff\u00bb global_colors_info=\u00bb{}\u00bb][et_pb_row column_structure=\u00bb1_2,1_2&#8243; _builder_version=\u00bb4.16&#8243; background_size=\u00bbinitial\u00bb background_position=\u00bbtop_left\u00bb background_repeat=\u00bbrepeat\u00bb custom_margin=\u00bb|||\u00bb custom_padding=\u00bb|||\u00bb global_colors_info=\u00bb{}\u00bb][et_pb_column type=\u00bb1_2&#8243; _builder_version=\u00bb4.16&#8243; background_position=\u00bbtop_left\u00bb custom_padding=\u00bb|||\u00bb global_colors_info=\u00bb{}\u00bb custom_padding__hover=\u00bb|||\u00bb][et_pb_image src=\u00bbhttp:\/\/bodegonelciervo.com\/wp-content\/uploads\/2018\/03\/ciervomontajepadre-copia.png\u00bb _builder_version=\u00bb4.16&#8243; animation_style=\u00bbslide\u00bb animation_direction=\u00bbright\u00bb animation_intensity_slide=\u00bb10%\u00bb always_center_on_mobile=\u00bboff\u00bb global_colors_info=\u00bb{}\u00bb][\/et_pb_image][\/et_pb_column][et_pb_column type=\u00bb1_2&#8243; _builder_version=\u00bb4.16&#8243; background_position=\u00bbtop_left\u00bb custom_padding=\u00bb60px|||\u00bb global_colors_info=\u00bb{}\u00bb custom_padding__hover=\u00bb|||\u00bb][et_pb_text _builder_version=\u00bb4.16&#8243; text_font=\u00bbMontserrat|on||on|\u00bb text_text_color=\u00bb#bfbfbf\u00bb text_letter_spacing=\u00bb2px\u00bb text_line_height=\u00bb1.3em\u00bb background_size=\u00bbinitial\u00bb background_position=\u00bbtop_left\u00bb background_repeat=\u00bbrepeat\u00bb module_alignment=\u00bbcenter\u00bb custom_margin=\u00bb||12px|\u00bb custom_padding=\u00bb|||\u00bb animation_style=\u00bbslide\u00bb animation_direction=\u00bbbottom\u00bb saved_tabs=\u00bball\u00bb locked=\u00bboff\u00bb global_colors_info=\u00bb{}\u00bb]Nuestra FILOSOFIA<br \/>\n[\/et_pb_text][et_pb_divider color=\u00bb#c39d63&#8243; divider_weight=\u00bb3px\u00bb _builder_version=\u00bb4.16&#8243; max_width=\u00bb60px\u00bb module_alignment=\u00bbleft\u00bb custom_margin=\u00bb||10px|\u00bb saved_tabs=\u00bball\u00bb locked=\u00bboff\u00bb global_colors_info=\u00bb{}\u00bb][\/et_pb_divider][et_pb_text _builder_version=\u00bb4.16&#8243; text_font=\u00bbMontserrat||||\u00bb text_text_color=\u00bb#939393&#8243; text_font_size=\u00bb17px\u00bb text_line_height=\u00bb1.8em\u00bb header_font=\u00bb||||\u00bb background_size=\u00bbinitial\u00bb background_position=\u00bbtop_left\u00bb background_repeat=\u00bbrepeat\u00bb max_width=\u00bb700px\u00bb animation_style=\u00bbslide\u00bb animation_direction=\u00bbtop\u00bb animation_intensity_slide=\u00bb4%\u00bb global_colors_info=\u00bb{}\u00bb]Somos un\u00a0 restaurante con una larga trayectoria, profesionales a vuestro servicio para haceros disfrutar de nuestra cocina y nuestra carta de vinos. Ubicado en una actualizada bodega subterr\u00e1nea, donde desde hace mas de un siglo se elaboraban los caldos de nuestra\u00a0 D.O. Cigales , vinos claretes y tintos fermentaron en estas paredes&#8230;<br \/>\nDescubre nuestras galerias, nuestras propuestas culinarias y explora\u00a0 toda la historia de este santo grial de la cocina Vallisoltena.<br \/>\n[\/et_pb_text][et_pb_text disabled_on=\u00bbon|on|off\u00bb _builder_version=\u00bb4.16&#8243; text_font=\u00bb||||\u00bb text_text_color=\u00bb#1f1f1f\u00bb header_font=\u00bbPlayfair Display||||\u00bb header_text_color=\u00bb#1f1f1f\u00bb header_font_size=\u00bb48px\u00bb header_line_height=\u00bb1.3em\u00bb background_size=\u00bbinitial\u00bb background_position=\u00bbtop_left\u00bb background_repeat=\u00bbrepeat\u00bb global_colors_info=\u00bb{}\u00bb][\/et_pb_text][\/et_pb_column][\/et_pb_row][et_pb_row _builder_version=\u00bb4.16&#8243; custom_padding=\u00bb29px|0px|38px|0px\u00bb global_colors_info=\u00bb{}\u00bb][et_pb_column type=\u00bb4_4&#8243; _builder_version=\u00bb4.16&#8243; custom_padding=\u00bb|||\u00bb global_colors_info=\u00bb{}\u00bb custom_padding__hover=\u00bb|||\u00bb][et_pb_text _builder_version=\u00bb4.16&#8243; text_font=\u00bbMontserrat|on||on|\u00bb text_text_color=\u00bb#bfbfbf\u00bb text_letter_spacing=\u00bb2px\u00bb text_line_height=\u00bb1.3em\u00bb background_size=\u00bbinitial\u00bb background_position=\u00bbtop_left\u00bb background_repeat=\u00bbrepeat\u00bb module_alignment=\u00bbcenter\u00bb custom_margin=\u00bb||12px|\u00bb custom_padding=\u00bb|||\u00bb animation_style=\u00bbslide\u00bb animation_direction=\u00bbbottom\u00bb saved_tabs=\u00bball\u00bb locked=\u00bboff\u00bb global_colors_info=\u00bb{}\u00bb]Nuestra HISTORIA<br \/>\n[\/et_pb_text][et_pb_divider color=\u00bb#c39d63&#8243; divider_weight=\u00bb3px\u00bb _builder_version=\u00bb4.16&#8243; max_width=\u00bb60px\u00bb module_alignment=\u00bbleft\u00bb custom_margin=\u00bb||10px|\u00bb saved_tabs=\u00bball\u00bb locked=\u00bboff\u00bb global_colors_info=\u00bb{}\u00bb][\/et_pb_divider][et_pb_text _builder_version=\u00bb4.16&#8243; text_font=\u00bbMontserrat||||||||\u00bb text_text_color=\u00bb#939393&#8243; text_font_size=\u00bb17px\u00bb text_line_height=\u00bb30px\u00bb custom_margin=\u00bb|||\u00bb global_colors_info=\u00bb{}\u00bb]<\/p>\n<div>Nuestro restaurante data del a\u00f1o 1977 donde Julian Lopez, joven hostelero, aterriz\u00f3 en Cabezon de Pisuerga para hacerse cargo de este negocio. Tras una previa y larga experiencia en uno de los m\u00e1s grandes restaurantes de aquel momento, la famos\u00edsima FRAGUA de Valladolid, decide cambiar su destino y hacerse cargo de este restaurante de reciente apertura. Negocio que de la mano de su mujer Rosa, camina con \u00e9xito durante mas de 42 a\u00f1os al servicio del cliente.<\/div>\n<div><\/div>\n<div>Apasionado de su profesi\u00f3n, mima su casa para hacer sentir al cliente como que fuera suya. Ilusionado, perfeccionista y gran profesional son algunos de los adjetivos que defin\u00edan a Julian. Tras una larga enfermedad, EL 13 de noviembre del 2015, nos deja este hombre tan carism\u00e1tico y buque insignia del negocio. Reconocimientos y agradecimientos de instituciones y particulares le siguen en los posteriores a\u00f1os.<\/div>\n<div><\/div>\n<div>Tras esta dura p\u00e9rdida, su hijo David, se pone al frente del establecimiento. Durante muchos a\u00f1os es la mano derecha de Juli\u00e1n, haciendo que el cambio de direcci\u00f3n no se haga notar en el restaurante. Es ahora cuando se ha dado una peque\u00f1a vuelta al negocio actualiz\u00e1ndolo en lo est\u00e9tico y sobre todo en lo verdaderamente importante, la carta.<\/div>\n<div>La filosof\u00eda del Ciervo sigue siendo la misma: mismo cuidado del producto, mismo mimo, misma atenci\u00f3n\u2026 pero \u00a0con un toque mas moderno. Guisos, lechazo, caza, \u00a0carnes, productos de la zona, productos micol\u00f3gicos\u2026es lo que forman la mayor parte de la carta, pero ahora se suman nuevos sabores, nuevas texturas, nuevas propuestas en barra y ferias que hacen que el negocio se est\u00e9 convirtiendo en un referente de la cocina de la comarca.<\/div>\n<p>[\/et_pb_text][\/et_pb_column][\/et_pb_row][et_pb_row column_structure=\u00bb1_2,1_2&#8243; _builder_version=\u00bb4.16&#8243; background_size=\u00bbinitial\u00bb background_position=\u00bbtop_left\u00bb background_repeat=\u00bbrepeat\u00bb custom_margin=\u00bb|||\u00bb custom_padding=\u00bb|||\u00bb global_colors_info=\u00bb{}\u00bb][et_pb_column type=\u00bb1_2&#8243; _builder_version=\u00bb4.16&#8243; background_position=\u00bbtop_left\u00bb custom_padding=\u00bb|||\u00bb global_colors_info=\u00bb{}\u00bb custom_padding__hover=\u00bb|||\u00bb][et_pb_image src=\u00bbhttps:\/\/bodegonelciervo.com\/wp-content\/uploads\/2025\/11\/20250808_133830-scaled.jpg\u00bb title_text=\u00bb20250808_133830&#8243; _builder_version=\u00bb4.24.0&#8243; animation_style=\u00bbslide\u00bb animation_direction=\u00bbright\u00bb animation_intensity_slide=\u00bb10%\u00bb always_center_on_mobile=\u00bboff\u00bb global_colors_info=\u00bb{}\u00bb][\/et_pb_image][et_pb_image src=\u00bbhttps:\/\/bodegonelciervo.com\/wp-content\/uploads\/2025\/11\/20250808_132344-scaled.jpg\u00bb title_text=\u00bb20250808_132344&#8243; _builder_version=\u00bb4.24.0&#8243; animation_style=\u00bbslide\u00bb animation_direction=\u00bbright\u00bb animation_intensity_slide=\u00bb10%\u00bb hover_enabled=\u00bb0&#8243; always_center_on_mobile=\u00bboff\u00bb global_colors_info=\u00bb{}\u00bb sticky_enabled=\u00bb0&#8243;][\/et_pb_image][\/et_pb_column][et_pb_column type=\u00bb1_2&#8243; _builder_version=\u00bb4.16&#8243; background_position=\u00bbtop_left\u00bb custom_padding=\u00bb60px|||\u00bb global_colors_info=\u00bb{}\u00bb custom_padding__hover=\u00bb|||\u00bb][et_pb_text _builder_version=\u00bb4.24.0&#8243; text_font=\u00bbMontserrat|on||on|\u00bb text_text_color=\u00bb#bfbfbf\u00bb text_letter_spacing=\u00bb2px\u00bb text_line_height=\u00bb1.3em\u00bb background_size=\u00bbinitial\u00bb background_position=\u00bbtop_left\u00bb background_repeat=\u00bbrepeat\u00bb module_alignment=\u00bbcenter\u00bb custom_margin=\u00bb||12px|\u00bb custom_padding=\u00bb|||\u00bb animation_style=\u00bbslide\u00bb animation_direction=\u00bbbottom\u00bb saved_tabs=\u00bball\u00bb locked=\u00bboff\u00bb global_colors_info=\u00bb{}\u00bb]<\/p>\n<p>Nueva Gerencia: Iv\u00e1n toma las riendas del Bodeg\u00f3n El Ciervo<\/p>\n<p>[\/et_pb_text][et_pb_divider color=\u00bb#c39d63&#8243; divider_weight=\u00bb3px\u00bb _builder_version=\u00bb4.16&#8243; max_width=\u00bb60px\u00bb module_alignment=\u00bbleft\u00bb custom_margin=\u00bb||10px|\u00bb saved_tabs=\u00bball\u00bb locked=\u00bboff\u00bb global_colors_info=\u00bb{}\u00bb][\/et_pb_divider][et_pb_text _builder_version=\u00bb4.24.0&#8243; text_font=\u00bbMontserrat||||\u00bb text_text_color=\u00bb#939393&#8243; text_font_size=\u00bb17px\u00bb text_line_height=\u00bb1.8em\u00bb header_font=\u00bb||||\u00bb background_size=\u00bbinitial\u00bb background_position=\u00bbtop_left\u00bb background_repeat=\u00bbrepeat\u00bb max_width=\u00bb700px\u00bb animation_style=\u00bbslide\u00bb animation_direction=\u00bbtop\u00bb animation_intensity_slide=\u00bb4%\u00bb global_colors_info=\u00bb{}\u00bb]<\/p>\n<p data-start=\"192\" data-end=\"527\">En el Bodeg\u00f3n El Ciervo abrimos una nueva etapa llena de ilusi\u00f3n, sabor y energ\u00eda renovada. La gerencia y la direcci\u00f3n del restaurante pasan ahora a manos de <strong data-start=\"350\" data-end=\"358\">Iv\u00e1n<\/strong>, un profesional con una trayectoria impecable en el mundo de la hosteler\u00eda, conocido por su dedicaci\u00f3n, su cercan\u00eda y su manera tan especial de entender la gastronom\u00eda.<\/p>\n<p data-start=\"529\" data-end=\"915\">Iv\u00e1n es de esas personas que contagian pasi\u00f3n. Creativo, trabajador, perfeccionista y con un cari\u00f1o aut\u00e9ntico por su oficio, llega al restaurante con ideas nuevas, una visi\u00f3n fresca y un compromiso absoluto por elevar cada plato y cada experiencia. Su manera de cocinar combina tradici\u00f3n y modernidad, respeto por el producto y un toque personal que convierte cada receta en algo \u00fanico.<\/p>\n<p data-start=\"917\" data-end=\"1286\">Con \u00e9l al frente, el Bodeg\u00f3n El Ciervo recupera su esencia m\u00e1s aut\u00e9ntica, pero con un <strong data-start=\"1003\" data-end=\"1020\">giro renovado<\/strong>, lleno de propuestas diferentes, sabores cuidados y peque\u00f1os detalles que hacen grande a una casa. Iv\u00e1n retoma las riendas con la firme intenci\u00f3n de ofrecer lo mejor de s\u00ed mismo y de todo el equipo, construyendo un espacio donde cada cliente se sienta como en casa.<\/p>\n<p data-start=\"1288\" data-end=\"1498\">Est\u00e1 deseando que veng\u00e1is a conocer su cocina, a disfrutar de sus nuevas ideas y a vivir esta etapa que empieza con much\u00edsimas ganas, ilusi\u00f3n y un profundo respeto por cada persona que se sienta a nuestra mesa.<\/p>\n<p data-start=\"1500\" data-end=\"1579\"><strong data-start=\"1500\" data-end=\"1577\">Te esperamos con los brazos abiertos en esta nueva aventura gastron\u00f3mica.<\/strong><\/p>\n<p>[\/et_pb_text][et_pb_text disabled_on=\u00bbon|on|off\u00bb _builder_version=\u00bb4.16&#8243; text_font=\u00bb||||\u00bb text_text_color=\u00bb#1f1f1f\u00bb header_font=\u00bbPlayfair Display||||\u00bb header_text_color=\u00bb#1f1f1f\u00bb header_font_size=\u00bb48px\u00bb header_line_height=\u00bb1.3em\u00bb background_size=\u00bbinitial\u00bb background_position=\u00bbtop_left\u00bb background_repeat=\u00bbrepeat\u00bb global_colors_info=\u00bb{}\u00bb][\/et_pb_text][\/et_pb_column][\/et_pb_row][\/et_pb_section]<\/p>\n","protected":false},"excerpt":{"rendered":"<p>Nuestra FILOSOFIA Somos un\u00a0 restaurante con una larga trayectoria, profesionales a vuestro servicio para haceros disfrutar de nuestra cocina y nuestra carta de vinos. Ubicado en una actualizada bodega subterr\u00e1nea, donde desde hace mas de un siglo se elaboraban los caldos de nuestra\u00a0 D.O. Cigales , vinos claretes y tintos fermentaron en estas paredes&#8230; Descubre [&hellip;]<\/p>\n","protected":false},"author":1,"featured_media":0,"parent":0,"menu_order":0,"comment_status":"closed","ping_status":"closed","template":"","meta":{"_et_pb_use_builder":"on","_et_pb_old_content":"","_et_gb_content_width":"","footnotes":""},"class_list":["post-12711","page","type-page","status-publish","hentry"],"yoast_head":"<!-- This site is optimized with the Yoast SEO plugin v22.0 - https:\/\/yoast.com\/wordpress\/plugins\/seo\/ -->\n<title>\u00bfQuienes somos? - Bodeg\u00f3n el ciervo<\/title>\n<meta name=\"robots\" content=\"index, follow, max-snippet:-1, max-image-preview:large, max-video-preview:-1\" \/>\n<link rel=\"canonical\" href=\"https:\/\/bodegonelciervo.com\/?page_id=12711\" \/>\n<meta property=\"og:locale\" content=\"es_ES\" \/>\n<meta property=\"og:type\" content=\"article\" \/>\n<meta property=\"og:title\" content=\"\u00bfQuienes somos? - Bodeg\u00f3n el ciervo\" \/>\n<meta property=\"og:description\" content=\"Nuestra FILOSOFIA Somos un\u00a0 restaurante con una larga trayectoria, profesionales a vuestro servicio para haceros disfrutar de nuestra cocina y nuestra carta de vinos. Ubicado en una actualizada bodega subterr\u00e1nea, donde desde hace mas de un siglo se elaboraban los caldos de nuestra\u00a0 D.O. Cigales , vinos claretes y tintos fermentaron en estas paredes... Descubre [&hellip;]\" \/>\n<meta property=\"og:url\" content=\"https:\/\/bodegonelciervo.com\/?page_id=12711\" \/>\n<meta property=\"og:site_name\" content=\"Bodeg\u00f3n el ciervo\" \/>\n<meta property=\"article:modified_time\" content=\"2025-11-30T10:46:51+00:00\" \/>\n<meta name=\"twitter:card\" content=\"summary_large_image\" \/>\n<meta name=\"twitter:label1\" content=\"Tiempo de lectura\" \/>\n\t<meta name=\"twitter:data1\" content=\"4 minutos\" \/>\n<script type=\"application\/ld+json\" class=\"yoast-schema-graph\">{\"@context\":\"https:\/\/schema.org\",\"@graph\":[{\"@type\":\"WebPage\",\"@id\":\"https:\/\/bodegonelciervo.com\/?page_id=12711\",\"url\":\"https:\/\/bodegonelciervo.com\/?page_id=12711\",\"name\":\"\u00bfQuienes somos? - Bodeg\u00f3n el ciervo\",\"isPartOf\":{\"@id\":\"https:\/\/bodegonelciervo.com\/#website\"},\"datePublished\":\"2018-02-28T20:22:52+00:00\",\"dateModified\":\"2025-11-30T10:46:51+00:00\",\"breadcrumb\":{\"@id\":\"https:\/\/bodegonelciervo.com\/?page_id=12711#breadcrumb\"},\"inLanguage\":\"es\",\"potentialAction\":[{\"@type\":\"ReadAction\",\"target\":[\"https:\/\/bodegonelciervo.com\/?page_id=12711\"]}]},{\"@type\":\"BreadcrumbList\",\"@id\":\"https:\/\/bodegonelciervo.com\/?page_id=12711#breadcrumb\",\"itemListElement\":[{\"@type\":\"ListItem\",\"position\":1,\"name\":\"Portada\",\"item\":\"https:\/\/bodegonelciervo.com\/\"},{\"@type\":\"ListItem\",\"position\":2,\"name\":\"\u00bfQuienes somos?\"}]},{\"@type\":\"WebSite\",\"@id\":\"https:\/\/bodegonelciervo.com\/#website\",\"url\":\"https:\/\/bodegonelciervo.com\/\",\"name\":\"Bodeg\u00f3n el ciervo\",\"description\":\"Restaurante, bodega en cabez\u00f3n de pisuerga\",\"potentialAction\":[{\"@type\":\"SearchAction\",\"target\":{\"@type\":\"EntryPoint\",\"urlTemplate\":\"https:\/\/bodegonelciervo.com\/?s={search_term_string}\"},\"query-input\":\"required name=search_term_string\"}],\"inLanguage\":\"es\"}]}<\/script>\n<!-- \/ Yoast SEO plugin. -->","yoast_head_json":{"title":"\u00bfQuienes somos? - Bodeg\u00f3n el ciervo","robots":{"index":"index","follow":"follow","max-snippet":"max-snippet:-1","max-image-preview":"max-image-preview:large","max-video-preview":"max-video-preview:-1"},"canonical":"https:\/\/bodegonelciervo.com\/?page_id=12711","og_locale":"es_ES","og_type":"article","og_title":"\u00bfQuienes somos? - Bodeg\u00f3n el ciervo","og_description":"Nuestra FILOSOFIA Somos un\u00a0 restaurante con una larga trayectoria, profesionales a vuestro servicio para haceros disfrutar de nuestra cocina y nuestra carta de vinos. Ubicado en una actualizada bodega subterr\u00e1nea, donde desde hace mas de un siglo se elaboraban los caldos de nuestra\u00a0 D.O. Cigales , vinos claretes y tintos fermentaron en estas paredes... Descubre [&hellip;]","og_url":"https:\/\/bodegonelciervo.com\/?page_id=12711","og_site_name":"Bodeg\u00f3n el ciervo","article_modified_time":"2025-11-30T10:46:51+00:00","twitter_card":"summary_large_image","twitter_misc":{"Tiempo de lectura":"4 minutos"},"schema":{"@context":"https:\/\/schema.org","@graph":[{"@type":"WebPage","@id":"https:\/\/bodegonelciervo.com\/?page_id=12711","url":"https:\/\/bodegonelciervo.com\/?page_id=12711","name":"\u00bfQuienes somos? - Bodeg\u00f3n el ciervo","isPartOf":{"@id":"https:\/\/bodegonelciervo.com\/#website"},"datePublished":"2018-02-28T20:22:52+00:00","dateModified":"2025-11-30T10:46:51+00:00","breadcrumb":{"@id":"https:\/\/bodegonelciervo.com\/?page_id=12711#breadcrumb"},"inLanguage":"es","potentialAction":[{"@type":"ReadAction","target":["https:\/\/bodegonelciervo.com\/?page_id=12711"]}]},{"@type":"BreadcrumbList","@id":"https:\/\/bodegonelciervo.com\/?page_id=12711#breadcrumb","itemListElement":[{"@type":"ListItem","position":1,"name":"Portada","item":"https:\/\/bodegonelciervo.com\/"},{"@type":"ListItem","position":2,"name":"\u00bfQuienes somos?"}]},{"@type":"WebSite","@id":"https:\/\/bodegonelciervo.com\/#website","url":"https:\/\/bodegonelciervo.com\/","name":"Bodeg\u00f3n el ciervo","description":"Restaurante, bodega en cabez\u00f3n de pisuerga","potentialAction":[{"@type":"SearchAction","target":{"@type":"EntryPoint","urlTemplate":"https:\/\/bodegonelciervo.com\/?s={search_term_string}"},"query-input":"required name=search_term_string"}],"inLanguage":"es"}]}},"_links":{"self":[{"href":"https:\/\/bodegonelciervo.com\/index.php?rest_route=\/wp\/v2\/pages\/12711","targetHints":{"allow":["GET"]}}],"collection":[{"href":"https:\/\/bodegonelciervo.com\/index.php?rest_route=\/wp\/v2\/pages"}],"about":[{"href":"https:\/\/bodegonelciervo.com\/index.php?rest_route=\/wp\/v2\/types\/page"}],"author":[{"embeddable":true,"href":"https:\/\/bodegonelciervo.com\/index.php?rest_route=\/wp\/v2\/users\/1"}],"replies":[{"embeddable":true,"href":"https:\/\/bodegonelciervo.com\/index.php?rest_route=%2Fwp%2Fv2%2Fcomments&post=12711"}],"version-history":[{"count":13,"href":"https:\/\/bodegonelciervo.com\/index.php?rest_route=\/wp\/v2\/pages\/12711\/revisions"}],"predecessor-version":[{"id":14091,"href":"https:\/\/bodegonelciervo.com\/index.php?rest_route=\/wp\/v2\/pages\/12711\/revisions\/14091"}],"wp:attachment":[{"href":"https:\/\/bodegonelciervo.com\/index.php?rest_route=%2Fwp%2Fv2%2Fmedia&parent=12711"}],"curies":[{"name":"wp","href":"https:\/\/api.w.org\/{rel}","templated":true}]}}